{"id":56,"date":"2019-03-28T20:59:42","date_gmt":"2019-03-28T19:59:42","guid":{"rendered":"http:\/\/serwer1917079.home.pl\/?page_id=56"},"modified":"2019-07-29T20:38:10","modified_gmt":"2019-07-29T18:38:10","slug":"bramy","status":"publish","type":"page","link":"http:\/\/oknaprzybylski.pl\/index.php\/bramy\/","title":{"rendered":"Bramy"},"content":{"rendered":"\n<div class=\"wp-block-media-text alignwide is-stacked-on-mobile\" style=\"grid-template-columns:60% auto\"><figure class=\"wp-block-media-text__media\"><img loading=\"lazy\" decoding=\"async\" width=\"550\" height=\"382\" src=\"http:\/\/oknaprzybylski.pl\/wp-content\/uploads\/2019\/04\/segmentowa2.jpg\" alt=\"\" class=\"wp-image-393\" srcset=\"http:\/\/oknaprzybylski.pl\/wp-content\/uploads\/2019\/04\/segmentowa2.jpg 550w, http:\/\/oknaprzybylski.pl\/wp-content\/uploads\/2019\/04\/segmentowa2-300x208.jpg 300w\" sizes=\"auto, (max-width: 550px) 100vw, 550px\" \/><\/figure><div class=\"wp-block-media-text__content\">\n<p style=\"text-align:center\"><strong>Segmentowe bramy gara\u017cowe<\/strong> &#8211; doskonale oszcz\u0119dzaj\u0105 miejsce w gara\u017cu, zapewniaj\u0105 izolacj\u0119 termiczn\u0105 i posiadaj\u0105 europejski atestem bezpiecze\u0144stwa. Pe\u0142na gama kolorystyczna pozwala dobra\u0107 produkt idealnie pasuj\u0105cy do Pa\u0144stwa domu. <\/p>\n<\/div><\/div>\n\n\n\n<div class=\"wp-block-media-text alignwide has-media-on-the-right\"><figure class=\"wp-block-media-text__media\"><img loading=\"lazy\" decoding=\"async\" width=\"898\" height=\"642\" src=\"http:\/\/oknaprzybylski.pl\/wp-content\/uploads\/2019\/05\/bramy-przemyslowe-segmentowe-wisniowski-makropro.png\" alt=\"\" class=\"wp-image-509\" srcset=\"http:\/\/oknaprzybylski.pl\/wp-content\/uploads\/2019\/05\/bramy-przemyslowe-segmentowe-wisniowski-makropro.png 898w, http:\/\/oknaprzybylski.pl\/wp-content\/uploads\/2019\/05\/bramy-przemyslowe-segmentowe-wisniowski-makropro-300x214.png 300w, http:\/\/oknaprzybylski.pl\/wp-content\/uploads\/2019\/05\/bramy-przemyslowe-segmentowe-wisniowski-makropro-768x549.png 768w\" sizes=\"auto, (max-width: 898px) 100vw, 898px\" \/><\/figure><div class=\"wp-block-media-text__content\">\n<p style=\"text-align:center\"><strong>Segmentowe bramy przemys\u0142owe &#8211;<\/strong> \u0142atwe w obs\u0142udze oszcz\u0119dzaj\u0105 cenn\u0105 powierzchni\u0119 i charakteryzuj\u0105 si\u0119 szczeg\u00f3lnymi walorami estetycznymi.Ze wzgl\u0119du na d\u017awi\u0119koch\u0142onno\u015b\u0107 i wysok\u0105 izolacyjno\u015b\u0107 ciepln\u0105 s\u0105 przeznaczone g\u0142\u00f3wnie do ogrzewanych budynk\u00f3w handlowych, przemys\u0142owych, du\u017cych hal magazynowych, w kt\u00f3rych ograniczenie strat ciep\u0142a jest bardzo istotn\u0105 kwesti\u0105. Spe\u0142niaj\u0105 wszelkie normy bezpiecze\u0144stwa i posiadaj\u0105 certyfikat CE. W zale\u017cno\u015bci od charakteru architektonicznego budynku mog\u0105 posiada\u0107 okienka w ramce zatrzaskowej, przeszklenia w ramach aluminiowych, drzwi przej\u015bciowe. <\/p>\n<\/div><\/div>\n\n\n\n<div class=\"wp-block-media-text alignwide has-media-on-the-right\" style=\"grid-template-columns:auto 55%\"><figure class=\"wp-block-media-text__media\"><img loading=\"lazy\" decoding=\"async\" width=\"573\" height=\"337\" src=\"http:\/\/oknaprzybylski.pl\/wp-content\/uploads\/2019\/04\/brama-boczna-szkic-1.jpg\" alt=\"\" class=\"wp-image-371\" srcset=\"http:\/\/oknaprzybylski.pl\/wp-content\/uploads\/2019\/04\/brama-boczna-szkic-1.jpg 573w, http:\/\/oknaprzybylski.pl\/wp-content\/uploads\/2019\/04\/brama-boczna-szkic-1-300x176.jpg 300w\" sizes=\"auto, (max-width: 573px) 100vw, 573px\" \/><\/figure><div class=\"wp-block-media-text__content\">\n<p style=\"text-align:center\"><strong>Segmentowe HST bramy gara\u017cowe boczne<\/strong>. Otwieraj\u0105 si\u0119 na \u015bcian\u0119 &#8211; do zastosowania wsz\u0119dzie tam, gdzie nachylenie  dachu, niskie nadpro\u017ce, rury, instalacje &#8211; nie pozwalaj\u0105 na otwarcie do g\u00f3ry. <\/p>\n<\/div><\/div>\n\n\n\n<div class=\"wp-block-media-text alignwide\" style=\"grid-template-columns:41% auto\"><figure class=\"wp-block-media-text__media\"><img loading=\"lazy\" decoding=\"async\" width=\"600\" height=\"510\" src=\"http:\/\/oknaprzybylski.pl\/wp-content\/uploads\/2019\/04\/brama-szybkobie\u017cna-novospeed-economic-1.jpg\" alt=\"\" class=\"wp-image-392\" srcset=\"http:\/\/oknaprzybylski.pl\/wp-content\/uploads\/2019\/04\/brama-szybkobie\u017cna-novospeed-economic-1.jpg 600w, http:\/\/oknaprzybylski.pl\/wp-content\/uploads\/2019\/04\/brama-szybkobie\u017cna-novospeed-economic-1-300x255.jpg 300w\" sizes=\"auto, (max-width: 600px) 100vw, 600px\" \/><\/figure><div class=\"wp-block-media-text__content\">\n<p style=\"text-align:center\"><strong>Szybkobie\u017cne kurtyny rolowane <\/strong><br>Automatyczne bramy szybkobie\u017cne zbudowane s\u0105 z mi\u0119kkiego PCV.<br>Stosowane g\u0142\u00f3wnie w celu oddzielenia&nbsp; pomieszcze\u0144 w obr\u0119bie hal magazynowych, warsztatowych. Cech\u0105 charakterystyczn\u0105 tych bram jest du\u017ca szybko\u015b\u0107 otwierania i zamykania, co nie powoduje utrudnienia w przemieszczaniu si\u0119 oraz znacz\u0105co ogranicza wymian\u0119 powietrza. <\/p>\n<\/div><\/div>\n","protected":false},"excerpt":{"rendered":"<p>Segmentowe bramy gara\u017cowe &#8211; doskonale oszcz\u0119dzaj\u0105 miejsce w gara\u017cu, zapewniaj\u0105 izolacj\u0119 termiczn\u0105 i posiadaj\u0105 europejski atestem bezpiecze\u0144stwa. Pe\u0142na gama kolorystyczna pozwala dobra\u0107 produkt idealnie pasuj\u0105cy do Pa\u0144stwa domu. Segmentowe bramy przemys\u0142owe &#8211; \u0142atwe w obs\u0142udze oszcz\u0119dzaj\u0105 cenn\u0105 powierzchni\u0119 i charakteryzuj\u0105 si\u0119 szczeg\u00f3lnymi walorami estetycznymi.Ze wzgl\u0119du na d\u017awi\u0119koch\u0142onno\u015b\u0107 i wysok\u0105 izolacyjno\u015b\u0107 ciepln\u0105 s\u0105 przeznaczone g\u0142\u00f3wnie do &hellip; <a href=\"http:\/\/oknaprzybylski.pl\/index.php\/bramy\/\" class=\"more-link\">Continue reading <span class=\"screen-reader-text\">Bramy<\/span><\/a><\/p>\n","protected":false},"author":1,"featured_media":0,"parent":0,"menu_order":0,"comment_status":"closed","ping_status":"closed","template":"","meta":{"footnotes":""},"class_list":["post-56","page","type-page","status-publish","hentry"],"_links":{"self":[{"href":"http:\/\/oknaprzybylski.pl\/index.php\/wp-json\/wp\/v2\/pages\/56","targetHints":{"allow":["GET"]}}],"collection":[{"href":"http:\/\/oknaprzybylski.pl\/index.php\/wp-json\/wp\/v2\/pages"}],"about":[{"href":"http:\/\/oknaprzybylski.pl\/index.php\/wp-json\/wp\/v2\/types\/page"}],"author":[{"embeddable":true,"href":"http:\/\/oknaprzybylski.pl\/index.php\/wp-json\/wp\/v2\/users\/1"}],"replies":[{"embeddable":true,"href":"http:\/\/oknaprzybylski.pl\/index.php\/wp-json\/wp\/v2\/comments?post=56"}],"version-history":[{"count":8,"href":"http:\/\/oknaprzybylski.pl\/index.php\/wp-json\/wp\/v2\/pages\/56\/revisions"}],"predecessor-version":[{"id":565,"href":"http:\/\/oknaprzybylski.pl\/index.php\/wp-json\/wp\/v2\/pages\/56\/revisions\/565"}],"wp:attachment":[{"href":"http:\/\/oknaprzybylski.pl\/index.php\/wp-json\/wp\/v2\/media?parent=56"}],"curies":[{"name":"wp","href":"https:\/\/api.w.org\/{rel}","templated":true}]}}