{"id":58,"date":"2019-03-28T21:00:12","date_gmt":"2019-03-28T20:00:12","guid":{"rendered":"http:\/\/serwer1917079.home.pl\/?page_id=58"},"modified":"2019-07-29T20:44:33","modified_gmt":"2019-07-29T18:44:33","slug":"rolety","status":"publish","type":"page","link":"http:\/\/oknaprzybylski.pl\/index.php\/rolety\/","title":{"rendered":"Rolety"},"content":{"rendered":"\n<div class=\"wp-block-columns has-2-columns is-layout-flex wp-container-core-columns-is-layout-9d6595d7 wp-block-columns-is-layout-flex\">\n<div class=\"wp-block-column is-layout-flow wp-block-column-is-layout-flow\">\n<p><strong>Natynkowe<\/strong> &#8211;  tego typu rolety mo\u017cna montowa\u0107 zar\u00f3wno na etapie stanu surowego, jak i w wyko\u0144czonym budynku. Kaseta mocowana jest do \u015bciany nad oknem, prowadnice po bokach wn\u0119ki okiennej.<\/p>\n\n\n\n<p> <\/p>\n<\/div>\n\n\n\n<div class=\"wp-block-column is-layout-flow wp-block-column-is-layout-flow\">\n<p><strong>Podtynkowe<\/strong> &#8211; spe\u0142niaj\u0105 dok\u0142adnie t\u0119 sam\u0105 funkcj\u0119, co rolety natynkowe &#8211; lecz ich monta\u017c nale\u017cy zaplanowa\u0107 przed ociepleniem budynku. W\u00f3wczas puszka jest schowana pod elewacj\u0105.  <\/p>\n<\/div>\n<\/div>\n\n\n\n<div class=\"wp-block-columns has-2-columns is-layout-flex wp-container-core-columns-is-layout-9d6595d7 wp-block-columns-is-layout-flex\">\n<div class=\"wp-block-column is-layout-flow wp-block-column-is-layout-flow\"><\/div>\n\n\n\n<div class=\"wp-block-column is-layout-flow wp-block-column-is-layout-flow\"><\/div>\n<\/div>\n\n\n\n<figure class=\"wp-block-image\"><img loading=\"lazy\" decoding=\"async\" width=\"980\" height=\"514\" src=\"http:\/\/oknaprzybylski.pl\/wp-content\/uploads\/2019\/05\/rodzaje-rolet.jpg\" alt=\"\" class=\"wp-image-499\" srcset=\"http:\/\/oknaprzybylski.pl\/wp-content\/uploads\/2019\/05\/rodzaje-rolet.jpg 980w, http:\/\/oknaprzybylski.pl\/wp-content\/uploads\/2019\/05\/rodzaje-rolet-300x157.jpg 300w, http:\/\/oknaprzybylski.pl\/wp-content\/uploads\/2019\/05\/rodzaje-rolet-768x403.jpg 768w\" sizes=\"auto, (max-width: 980px) 100vw, 980px\" \/><\/figure>\n\n\n\n<p><\/p>\n","protected":false},"excerpt":{"rendered":"<p>Natynkowe &#8211; tego typu rolety mo\u017cna montowa\u0107 zar\u00f3wno na etapie stanu surowego, jak i w wyko\u0144czonym budynku. Kaseta mocowana jest do \u015bciany nad oknem, prowadnice po bokach wn\u0119ki okiennej. Podtynkowe &#8211; spe\u0142niaj\u0105 dok\u0142adnie t\u0119 sam\u0105 funkcj\u0119, co rolety natynkowe &#8211; lecz ich monta\u017c nale\u017cy zaplanowa\u0107 przed ociepleniem budynku. W\u00f3wczas puszka jest schowana pod elewacj\u0105.<\/p>\n","protected":false},"author":1,"featured_media":0,"parent":0,"menu_order":0,"comment_status":"closed","ping_status":"closed","template":"","meta":{"footnotes":""},"class_list":["post-58","page","type-page","status-publish","hentry"],"_links":{"self":[{"href":"http:\/\/oknaprzybylski.pl\/index.php\/wp-json\/wp\/v2\/pages\/58","targetHints":{"allow":["GET"]}}],"collection":[{"href":"http:\/\/oknaprzybylski.pl\/index.php\/wp-json\/wp\/v2\/pages"}],"about":[{"href":"http:\/\/oknaprzybylski.pl\/index.php\/wp-json\/wp\/v2\/types\/page"}],"author":[{"embeddable":true,"href":"http:\/\/oknaprzybylski.pl\/index.php\/wp-json\/wp\/v2\/users\/1"}],"replies":[{"embeddable":true,"href":"http:\/\/oknaprzybylski.pl\/index.php\/wp-json\/wp\/v2\/comments?post=58"}],"version-history":[{"count":3,"href":"http:\/\/oknaprzybylski.pl\/index.php\/wp-json\/wp\/v2\/pages\/58\/revisions"}],"predecessor-version":[{"id":571,"href":"http:\/\/oknaprzybylski.pl\/index.php\/wp-json\/wp\/v2\/pages\/58\/revisions\/571"}],"wp:attachment":[{"href":"http:\/\/oknaprzybylski.pl\/index.php\/wp-json\/wp\/v2\/media?parent=58"}],"curies":[{"name":"wp","href":"https:\/\/api.w.org\/{rel}","templated":true}]}}