{"id":63,"date":"2019-03-28T21:04:48","date_gmt":"2019-03-28T20:04:48","guid":{"rendered":"http:\/\/serwer1917079.home.pl\/?page_id=63"},"modified":"2025-08-26T14:39:50","modified_gmt":"2025-08-26T12:39:50","slug":"uslugi","status":"publish","type":"page","link":"http:\/\/oknaprzybylski.pl\/index.php\/uslugi\/","title":{"rendered":"Us\u0142ugi"},"content":{"rendered":"\n<p><strong>SERWIS Okien  Drzwi Bram i Rolet &#8211;<\/strong> oferujemy t\u0119 us\u0142ug\u0119 nie tylko w ramach gwarancji posprzeda\u017cowej &#8211; ale r\u00f3wnie\u017c po jej up\u0142ywie oraz serwis okien montowanych przez firmy konkurencyjne. <\/p>\n\n\n\n<p>Bie\u017c\u0105ca konserwacja i dba\u0142o\u015b\u0107 o drzwi i okna pozwala na wieloletnie korzystanie &#8211; bez konieczno\u015bci napraw czy wymiany. Warto zatem pami\u0119ta\u0107 i dokonywaniu przegl\u0105d\u00f3w co najmniej raz w roku.                              <\/p>\n\n\n\n<figure class=\"wp-block-image\"><img loading=\"lazy\" decoding=\"async\" width=\"750\" height=\"500\" src=\"http:\/\/oknaprzybylski.pl\/wp-content\/uploads\/2019\/04\/serewis.jpg\" alt=\"\" class=\"wp-image-443\" srcset=\"http:\/\/oknaprzybylski.pl\/wp-content\/uploads\/2019\/04\/serewis.jpg 750w, http:\/\/oknaprzybylski.pl\/wp-content\/uploads\/2019\/04\/serewis-300x200.jpg 300w\" sizes=\"auto, (max-width: 750px) 100vw, 750px\" \/><\/figure>\n\n\n\n<p><strong>PRODUKCJA Rolet <\/strong>&#8211; wraz z pocz\u0105tkiem roku otworzyli\u015bmy w\u0142asna produkcje rolet okiennych zewn\u0119trznych. Pracujemy na automatyce firmy Mobilus oraz         na profilach aluminiowych polskich producent\u00f3w. Nad p\u0142ynno\u015bci\u0105 realizacji zam\u00f3wie\u0144 czuwa Angelika Przybylska &#8211; dane w zak\u0142adce Kontakt. <\/p>\n\n\n\n<figure class=\"wp-block-gallery has-nested-images columns-default is-cropped wp-block-gallery-1 is-layout-flex wp-block-gallery-is-layout-flex\">\n<figure class=\"wp-block-image\"><img loading=\"lazy\" decoding=\"async\" width=\"620\" height=\"536\" data-id=\"445\" src=\"http:\/\/oknaprzybylski.pl\/wp-content\/uploads\/2019\/04\/rolety-zewntrzne-22.jpg\" alt=\"\" class=\"wp-image-445\" srcset=\"http:\/\/oknaprzybylski.pl\/wp-content\/uploads\/2019\/04\/rolety-zewntrzne-22.jpg 620w, http:\/\/oknaprzybylski.pl\/wp-content\/uploads\/2019\/04\/rolety-zewntrzne-22-300x259.jpg 300w\" sizes=\"auto, (max-width: 620px) 100vw, 620px\" \/><\/figure>\n<\/figure>\n\n\n\n<p class=\"has-text-align-center\"><strong>Realizujemy zam\u00f3wienia indywidualne oraz deweloperskie. <\/strong><\/p>\n","protected":false},"excerpt":{"rendered":"<p>SERWIS Okien Drzwi Bram i Rolet &#8211; oferujemy t\u0119 us\u0142ug\u0119 nie tylko w ramach gwarancji posprzeda\u017cowej &#8211; ale r\u00f3wnie\u017c po jej up\u0142ywie oraz serwis okien montowanych przez firmy konkurencyjne. Bie\u017c\u0105ca konserwacja i dba\u0142o\u015b\u0107 o drzwi i okna pozwala na wieloletnie korzystanie &#8211; bez konieczno\u015bci napraw czy wymiany. Warto zatem pami\u0119ta\u0107 i dokonywaniu przegl\u0105d\u00f3w co najmniej &hellip; <a href=\"http:\/\/oknaprzybylski.pl\/index.php\/uslugi\/\" class=\"more-link\">Continue reading <span class=\"screen-reader-text\">Us\u0142ugi<\/span><\/a><\/p>\n","protected":false},"author":1,"featured_media":0,"parent":0,"menu_order":0,"comment_status":"closed","ping_status":"closed","template":"","meta":{"footnotes":""},"class_list":["post-63","page","type-page","status-publish","hentry"],"_links":{"self":[{"href":"http:\/\/oknaprzybylski.pl\/index.php\/wp-json\/wp\/v2\/pages\/63","targetHints":{"allow":["GET"]}}],"collection":[{"href":"http:\/\/oknaprzybylski.pl\/index.php\/wp-json\/wp\/v2\/pages"}],"about":[{"href":"http:\/\/oknaprzybylski.pl\/index.php\/wp-json\/wp\/v2\/types\/page"}],"author":[{"embeddable":true,"href":"http:\/\/oknaprzybylski.pl\/index.php\/wp-json\/wp\/v2\/users\/1"}],"replies":[{"embeddable":true,"href":"http:\/\/oknaprzybylski.pl\/index.php\/wp-json\/wp\/v2\/comments?post=63"}],"version-history":[{"count":8,"href":"http:\/\/oknaprzybylski.pl\/index.php\/wp-json\/wp\/v2\/pages\/63\/revisions"}],"predecessor-version":[{"id":828,"href":"http:\/\/oknaprzybylski.pl\/index.php\/wp-json\/wp\/v2\/pages\/63\/revisions\/828"}],"wp:attachment":[{"href":"http:\/\/oknaprzybylski.pl\/index.php\/wp-json\/wp\/v2\/media?parent=63"}],"curies":[{"name":"wp","href":"https:\/\/api.w.org\/{rel}","templated":true}]}}